{"id":8102,"date":"2019-01-17T17:15:24","date_gmt":"2019-01-17T17:15:24","guid":{"rendered":"http:\/\/museo.inf.upv.es\/?page_id=7480"},"modified":"2025-02-27T15:00:27","modified_gmt":"2025-02-27T15:00:27","slug":"un-cafe-en-el-museo","status":"publish","type":"page","link":"https:\/\/garciag.webs.upv.es\/wordpress\/en\/un-cafe-en-el-museo\/","title":{"rendered":"UN CAF\u00c9 EN EL MUSEO"},"content":{"rendered":"<p>The Museu d&#8217;Inform\u00e0tica of the Escola T\u00e9cnica Superior d&#8217;Enginyeria Inform\u00e0tica starts a permanente photo exposition made by \u00c1lvaro Dom\u00e8nech that shows in an artistic way some of the pieces pertaining to the museum&#8217;s collection. The exposition is placed at the coffee corner placed at the first floor of building 1G. See the exposition here.<\/p>\n\n","protected":false},"excerpt":{"rendered":"<p>The Museu d&#8217;Inform\u00e0tica of the Escola T\u00e9cnica Superior d&#8217;Enginyeria Inform\u00e0tica starts a permanente photo exposition made by \u00c1lvaro Dom\u00e8nech that shows in an artistic way some of the pieces pertaining to the museum&#8217;s collection. The exposition is placed at the coffee corner placed at the first floor of building 1G. See the exposition here.<\/p>\n","protected":false},"author":1,"featured_media":0,"parent":0,"menu_order":0,"comment_status":"closed","ping_status":"closed","template":"","meta":{"footnotes":""},"class_list":["post-8102","page","type-page","status-publish","hentry","post"],"yoast_head":"<!-- This site is optimized with the Yoast SEO plugin v27.3 - https:\/\/yoast.com\/product\/yoast-seo-wordpress\/ -->\n<title>UN CAF\u00c9 EN EL MUSEO - [:es]Web Personal[:en]Personal Web[:ca]web personal[:]<\/title>\n<meta name=\"description\" content=\"The Museu d&#039;Inform\u00e0tica of the Escola T\u00e9cnica Superior d&#039;Enginyeria Inform\u00e0tica starts a permanente photo exposition made by \u00c1lvaro Dom\u00e8nech that shows in an artistic way some of the pieces pertaining to the museum&#039;s collection. The exposition is placed at the coffee corner placed at the first floor of building 1G. See the exposition here. [gallery&hellip;\" \/>\n<meta name=\"robots\" content=\"index, follow, max-snippet:-1, max-image-preview:large, max-video-preview:-1\" \/>\n<link rel=\"canonical\" href=\"http:\/\/The%20Museu%20d'Inform\u00e0tica%20of%20the%20Escola%20T\u00e9cnica%20Superior%20d'Enginyeria%20Inform\u00e0tica%20starts%20a%20permanente%20photo%20exposition%20made%20by%20\u00c1lvaro%20Dom\u00e8nech%20that%20shows%20in%20an%20artistic%20way%20some%20of%20the%20pieces%20pertaining%20to%20the%20museum's%20collection.%20The%20exposition%20is%20placed%20at%20the%20coffee%20corner%20placed%20at%20the%20first%20floor%20of%20building%201G.%20See%20the%20exposition%20here.%20[gallery&hellip;\" \/>\n<meta property=\"og:locale\" content=\"en_US\" \/>\n<meta property=\"og:type\" content=\"article\" \/>\n<meta property=\"og:title\" content=\"UN CAF\u00c9 EN EL MUSEO - [:es]Web Personal[:en]Personal Web[:ca]web personal[:]\" \/>\n<meta property=\"og:description\" content=\"The Museu d&#039;Inform\u00e0tica of the Escola T\u00e9cnica Superior d&#039;Enginyeria Inform\u00e0tica starts a permanente photo exposition made by \u00c1lvaro Dom\u00e8nech that shows in an artistic way some of the pieces pertaining to the museum&#039;s collection. The exposition is placed at the coffee corner placed at the first floor of building 1G. See the exposition here. [gallery&hellip;\" \/>\n<meta property=\"og:url\" content=\"https:\/\/garciag.webs.upv.es\/wordpress\/en\/un-cafe-en-el-museo\/\" \/>\n<meta property=\"og:site_name\" content=\"[:es]Web Personal[:en]Personal Web[:ca]web personal[:]\" \/>\n<meta property=\"article:modified_time\" content=\"2025-02-27T15:00:27+00:00\" \/>\n<meta name=\"twitter:card\" content=\"summary_large_image\" \/>\n<script type=\"application\/ld+json\" class=\"yoast-schema-graph\">{\"@context\":\"https:\\\/\\\/schema.org\",\"@graph\":[{\"@type\":\"WebPage\",\"@id\":\"https:\\\/\\\/garciag.webs.upv.es\\\/wordpress\\\/en\\\/un-cafe-en-el-museo\\\/\",\"url\":\"https:\\\/\\\/garciag.webs.upv.es\\\/wordpress\\\/en\\\/un-cafe-en-el-museo\\\/\",\"name\":\"UN CAF\u00c9 EN EL MUSEO - [:es]Web Personal[:en]Personal Web[:ca]web personal[:]\",\"isPartOf\":{\"@id\":\"https:\\\/\\\/garciag.webs.upv.es\\\/wordpress\\\/#website\"},\"datePublished\":\"2019-01-17T17:15:24+00:00\",\"dateModified\":\"2025-02-27T15:00:27+00:00\",\"breadcrumb\":{\"@id\":\"https:\\\/\\\/garciag.webs.upv.es\\\/wordpress\\\/en\\\/un-cafe-en-el-museo\\\/#breadcrumb\"},\"inLanguage\":\"en-US\",\"potentialAction\":[{\"@type\":\"ReadAction\",\"target\":[\"https:\\\/\\\/garciag.webs.upv.es\\\/wordpress\\\/en\\\/un-cafe-en-el-museo\\\/\"]}]},{\"@type\":\"BreadcrumbList\",\"@id\":\"https:\\\/\\\/garciag.webs.upv.es\\\/wordpress\\\/en\\\/un-cafe-en-el-museo\\\/#breadcrumb\",\"itemListElement\":[{\"@type\":\"ListItem\",\"position\":1,\"name\":\"P\u00e1gina de inicio\",\"item\":\"https:\\\/\\\/garciag.webs.upv.es\\\/wordpress\\\/\"},{\"@type\":\"ListItem\",\"position\":2,\"name\":\"UN CAF\u00c9 EN EL MUSEO\"}]},{\"@type\":\"WebSite\",\"@id\":\"https:\\\/\\\/garciag.webs.upv.es\\\/wordpress\\\/en\\\/#website\",\"url\":\"https:\\\/\\\/garciag.webs.upv.es\\\/wordpress\\\/en\\\/\",\"name\":\"[:es]Web Personal[:en]Personal Web[:ca]web personal[:]\",\"description\":\"[:es]Web Personal[:en]Just another WordPress site[:ca]Just another WordPress site[:]\",\"potentialAction\":[{\"@type\":\"SearchAction\",\"target\":{\"@type\":\"EntryPoint\",\"urlTemplate\":\"https:\\\/\\\/garciag.webs.upv.es\\\/wordpress\\\/en\\\/?s={search_term_string}\"},\"query-input\":{\"@type\":\"PropertyValueSpecification\",\"valueRequired\":true,\"valueName\":\"search_term_string\"}}],\"inLanguage\":\"en-US\"}]}<\/script>\n<!-- \/ Yoast SEO plugin. -->","yoast_head_json":{"title":"UN CAF\u00c9 EN EL MUSEO - [:es]Web Personal[:en]Personal Web[:ca]web personal[:]","description":"The Museu d'Inform\u00e0tica of the Escola T\u00e9cnica Superior d'Enginyeria Inform\u00e0tica starts a permanente photo exposition made by \u00c1lvaro Dom\u00e8nech that shows in an artistic way some of the pieces pertaining to the museum's collection. The exposition is placed at the coffee corner placed at the first floor of building 1G. See the exposition here. [gallery&hellip;","robots":{"index":"index","follow":"follow","max-snippet":"max-snippet:-1","max-image-preview":"max-image-preview:large","max-video-preview":"max-video-preview:-1"},"canonical":"The Museu d'Inform\u00e0tica of the Escola T\u00e9cnica Superior d'Enginyeria Inform\u00e0tica starts a permanente photo exposition made by \u00c1lvaro Dom\u00e8nech that shows in an artistic way some of the pieces pertaining to the museum's collection. The exposition is placed at the coffee corner placed at the first floor of building 1G. See the exposition here. [gallery&hellip;","og_locale":"en_US","og_type":"article","og_title":"UN CAF\u00c9 EN EL MUSEO - [:es]Web Personal[:en]Personal Web[:ca]web personal[:]","og_description":"The Museu d'Inform\u00e0tica of the Escola T\u00e9cnica Superior d'Enginyeria Inform\u00e0tica starts a permanente photo exposition made by \u00c1lvaro Dom\u00e8nech that shows in an artistic way some of the pieces pertaining to the museum's collection. The exposition is placed at the coffee corner placed at the first floor of building 1G. See the exposition here. [gallery&hellip;","og_url":"https:\/\/garciag.webs.upv.es\/wordpress\/en\/un-cafe-en-el-museo\/","og_site_name":"[:es]Web Personal[:en]Personal Web[:ca]web personal[:]","article_modified_time":"2025-02-27T15:00:27+00:00","twitter_card":"summary_large_image","schema":{"@context":"https:\/\/schema.org","@graph":[{"@type":"WebPage","@id":"https:\/\/garciag.webs.upv.es\/wordpress\/en\/un-cafe-en-el-museo\/","url":"https:\/\/garciag.webs.upv.es\/wordpress\/en\/un-cafe-en-el-museo\/","name":"UN CAF\u00c9 EN EL MUSEO - [:es]Web Personal[:en]Personal Web[:ca]web personal[:]","isPartOf":{"@id":"https:\/\/garciag.webs.upv.es\/wordpress\/#website"},"datePublished":"2019-01-17T17:15:24+00:00","dateModified":"2025-02-27T15:00:27+00:00","breadcrumb":{"@id":"https:\/\/garciag.webs.upv.es\/wordpress\/en\/un-cafe-en-el-museo\/#breadcrumb"},"inLanguage":"en-US","potentialAction":[{"@type":"ReadAction","target":["https:\/\/garciag.webs.upv.es\/wordpress\/en\/un-cafe-en-el-museo\/"]}]},{"@type":"BreadcrumbList","@id":"https:\/\/garciag.webs.upv.es\/wordpress\/en\/un-cafe-en-el-museo\/#breadcrumb","itemListElement":[{"@type":"ListItem","position":1,"name":"P\u00e1gina de inicio","item":"https:\/\/garciag.webs.upv.es\/wordpress\/"},{"@type":"ListItem","position":2,"name":"UN CAF\u00c9 EN EL MUSEO"}]},{"@type":"WebSite","@id":"https:\/\/garciag.webs.upv.es\/wordpress\/en\/#website","url":"https:\/\/garciag.webs.upv.es\/wordpress\/en\/","name":"[:es]Web Personal[:en]Personal Web[:ca]web personal[:]","description":"[:es]Web Personal[:en]Just another WordPress site[:ca]Just another WordPress site[:]","potentialAction":[{"@type":"SearchAction","target":{"@type":"EntryPoint","urlTemplate":"https:\/\/garciag.webs.upv.es\/wordpress\/en\/?s={search_term_string}"},"query-input":{"@type":"PropertyValueSpecification","valueRequired":true,"valueName":"search_term_string"}}],"inLanguage":"en-US"}]}},"_links":{"self":[{"href":"https:\/\/garciag.webs.upv.es\/wordpress\/en\/wp-json\/wp\/v2\/pages\/8102","targetHints":{"allow":["GET"]}}],"collection":[{"href":"https:\/\/garciag.webs.upv.es\/wordpress\/en\/wp-json\/wp\/v2\/pages"}],"about":[{"href":"https:\/\/garciag.webs.upv.es\/wordpress\/en\/wp-json\/wp\/v2\/types\/page"}],"author":[{"embeddable":true,"href":"https:\/\/garciag.webs.upv.es\/wordpress\/en\/wp-json\/wp\/v2\/users\/1"}],"replies":[{"embeddable":true,"href":"https:\/\/garciag.webs.upv.es\/wordpress\/en\/wp-json\/wp\/v2\/comments?post=8102"}],"version-history":[{"count":3,"href":"https:\/\/garciag.webs.upv.es\/wordpress\/en\/wp-json\/wp\/v2\/pages\/8102\/revisions"}],"predecessor-version":[{"id":8295,"href":"https:\/\/garciag.webs.upv.es\/wordpress\/en\/wp-json\/wp\/v2\/pages\/8102\/revisions\/8295"}],"wp:attachment":[{"href":"https:\/\/garciag.webs.upv.es\/wordpress\/en\/wp-json\/wp\/v2\/media?parent=8102"}],"curies":[{"name":"wp","href":"https:\/\/api.w.org\/{rel}","templated":true}]}}