{"id":16,"date":"2018-04-12T11:57:07","date_gmt":"2018-04-12T11:57:07","guid":{"rendered":"http:\/\/museo.inf.upv.es\/?page_id=6680"},"modified":"2025-02-27T15:00:27","modified_gmt":"2025-02-27T15:00:27","slug":"retroprogramacion","status":"publish","type":"page","link":"https:\/\/garciag.webs.upv.es\/wordpress\/va\/retroprogramacion\/","title":{"rendered":"RetroProgramaci\u00f3n"},"content":{"rendered":"<p>\u00bfAlguna vez has querido conocer c\u00f3mo se programaba en un ordenador de los 80? \u00a1\u00c9sta es tu oportunidad!<\/p>\n<p><a href=\"https:\/\/garciag.webs.upv.es\/wordpress\/wp-content\/uploads\/2018\/04\/mesvideojuego.jpg\"><img loading=\"lazy\" decoding=\"async\" class=\" wp-image-6688 aligncenter\" src=\"https:\/\/garciag.webs.upv.es\/wordpress\/wp-content\/uploads\/2018\/04\/mesvideojuego-300x207.jpg\" alt=\"\" width=\"358\" height=\"247\"><\/a><\/p>\n<p>El <a href=\"https:\/\/garciag.webs.upv.es\/wordpress\/\">Museo de Inform\u00e1tica<\/a> y <a href=\"http:\/\/acm.inf.upv.es\/\">ACM UPV Chapter<\/a> te invitan a asistir a una jornada en la que podr\u00e1s aprender a programar con un <strong>AMSTRAD<\/strong> completamente operativo y conocer todas sus curiosidades.<\/p>\n<p>\u00bfAlguna vez has o\u00eddo hablar de la expresi\u00f3n <strong>poke<\/strong> ? \u00bfConoces igualmente lo que es un <strong>cargador<\/strong>?<\/p>\n<p>Estamos convencidos de que la experiencia que te proponemos enriquecer\u00e1 tu formaci\u00f3n como ingeniero en inform\u00e1tica, asegur\u00e1ndote tambi\u00e9n que sin duda disfrutar\u00e1s de la misma, poni\u00e9ndote por unas horas en la piel de un programador de <strong>BASIC<\/strong> de los a\u00f1os 80.<\/p>\n<div title=\"Page 1\">\n<p>Por supuesto, tras realizar este taller sabr\u00e1s responder a las preguntas arriba formuladas.<\/p>\n<\/div>\n<h4>INFORMACI\u00d3N SOBRE EL TALLER<\/h4>\n<p>&nbsp;<\/p>\n<ul>\n<li><strong>Participantes: <\/strong>Alumnos de la ETSINF<strong> (plazas limitadas)<\/strong><\/li>\n<li><strong>Fecha y hora:<\/strong> Lunes <strong>23 de Abril 2018<\/strong>, 11:00 &#8211; 13:00<\/li>\n<li><strong>Lugar:<\/strong> Museo en Vivo, Ed. 1E.<\/li>\n<li><strong>Inscripci\u00f3n: <a href=\"https:\/\/docs.google.com\/forms\/d\/e\/1FAIpQLSfWVeUT_atbcXv87DPzL9vpEigjfdUi5XX7rbs0RxPD9jqshQ\/viewform?usp=sf_link\">AQU\u00cd<\/a><\/strong><\/li>\n<\/ul>\n<p><!--more--><\/p>\n","protected":false},"excerpt":{"rendered":"<p>\u00bfAlguna vez has querido conocer c\u00f3mo se programaba en un ordenador de los 80? \u00a1\u00c9sta es tu oportunidad! El Museo de Inform\u00e1tica y ACM UPV Chapter te invitan a asistir a una jornada en la que podr\u00e1s aprender a programar con un AMSTRAD completamente operativo y conocer todas sus curiosidades. \u00bfAlguna vez has o\u00eddo hablar [&hellip;]<\/p>\n","protected":false},"author":1,"featured_media":0,"parent":0,"menu_order":0,"comment_status":"closed","ping_status":"closed","template":"","meta":{"footnotes":""},"class_list":["post-16","page","type-page","status-publish","hentry","post"],"yoast_head":"<!-- This site is optimized with the Yoast SEO plugin v27.3 - https:\/\/yoast.com\/product\/yoast-seo-wordpress\/ -->\n<title>RetroProgramaci\u00f3n<\/title>\n<meta name=\"description\" content=\"\u00bfAlguna vez has querido conocer c\u00f3mo se programaba en un ordenador de los 80? \u00a1\u00c9sta es tu oportunidad! El Museo de Inform\u00e1tica y ACM UPV Chapter te invitan a asistir a una jornada en la que podr\u00e1s aprender a programar con un AMSTRAD completamente operativo y conocer todas sus curiosidades. \u00bfAlguna vez has o\u00eddo hablar&hellip;\" \/>\n<meta name=\"robots\" content=\"index, follow, max-snippet:-1, max-image-preview:large, max-video-preview:-1\" \/>\n<link rel=\"canonical\" href=\"http:\/\/\u00bfAlguna%20vez%20has%20querido%20conocer%20c\u00f3mo%20se%20programaba%20en%20un%20ordenador%20de%20los%2080?%20\u00a1\u00c9sta%20es%20tu%20oportunidad!%20El%20Museo%20de%20Inform\u00e1tica%20y%20ACM%20UPV%20Chapter%20te%20invitan%20a%20asistir%20a%20una%20jornada%20en%20la%20que%20podr\u00e1s%20aprender%20a%20programar%20con%20un%20AMSTRAD%20completamente%20operativo%20y%20conocer%20todas%20sus%20curiosidades.%20\u00bfAlguna%20vez%20has%20o\u00eddo%20hablar&hellip;\" \/>\n<meta property=\"og:locale\" content=\"en_US\" \/>\n<meta property=\"og:type\" content=\"article\" \/>\n<meta property=\"og:title\" content=\"RetroProgramaci\u00f3n\" \/>\n<meta property=\"og:description\" content=\"\u00bfAlguna vez has querido conocer c\u00f3mo se programaba en un ordenador de los 80? \u00a1\u00c9sta es tu oportunidad! El Museo de Inform\u00e1tica y ACM UPV Chapter te invitan a asistir a una jornada en la que podr\u00e1s aprender a programar con un AMSTRAD completamente operativo y conocer todas sus curiosidades. \u00bfAlguna vez has o\u00eddo hablar&hellip;\" \/>\n<meta property=\"og:url\" content=\"https:\/\/garciag.webs.upv.es\/wordpress\/va\/retroprogramacion\/\" \/>\n<meta property=\"og:site_name\" content=\"[:es]Web Personal[:en]Personal Web[:ca]web personal[:]\" \/>\n<meta property=\"article:modified_time\" content=\"2025-02-27T15:00:27+00:00\" \/>\n<meta name=\"twitter:card\" content=\"summary_large_image\" \/>\n<meta name=\"twitter:label1\" content=\"Est. reading time\" \/>\n\t<meta name=\"twitter:data1\" content=\"4 minutes\" \/>\n<script type=\"application\/ld+json\" class=\"yoast-schema-graph\">{\"@context\":\"https:\\\/\\\/schema.org\",\"@graph\":[{\"@type\":\"WebPage\",\"@id\":\"https:\\\/\\\/garciag.webs.upv.es\\\/wordpress\\\/va\\\/retroprogramacion\\\/\",\"url\":\"https:\\\/\\\/garciag.webs.upv.es\\\/wordpress\\\/va\\\/retroprogramacion\\\/\",\"name\":\"RetroProgramaci\u00f3n - [:es]Web Personal[:en]Personal Web[:ca]web personal[:]\",\"isPartOf\":{\"@id\":\"https:\\\/\\\/garciag.webs.upv.es\\\/wordpress\\\/#website\"},\"primaryImageOfPage\":{\"@id\":\"https:\\\/\\\/garciag.webs.upv.es\\\/wordpress\\\/va\\\/retroprogramacion\\\/#primaryimage\"},\"image\":{\"@id\":\"https:\\\/\\\/garciag.webs.upv.es\\\/wordpress\\\/va\\\/retroprogramacion\\\/#primaryimage\"},\"thumbnailUrl\":\"https:\\\/\\\/garciag.webs.upv.es\\\/wordpress\\\/wp-content\\\/uploads\\\/2018\\\/04\\\/mesvideojuego-300x207.jpg\",\"datePublished\":\"2018-04-12T11:57:07+00:00\",\"dateModified\":\"2025-02-27T15:00:27+00:00\",\"breadcrumb\":{\"@id\":\"https:\\\/\\\/garciag.webs.upv.es\\\/wordpress\\\/va\\\/retroprogramacion\\\/#breadcrumb\"},\"inLanguage\":\"va\",\"potentialAction\":[{\"@type\":\"ReadAction\",\"target\":[\"https:\\\/\\\/garciag.webs.upv.es\\\/wordpress\\\/va\\\/retroprogramacion\\\/\"]}]},{\"@type\":\"ImageObject\",\"inLanguage\":\"va\",\"@id\":\"https:\\\/\\\/garciag.webs.upv.es\\\/wordpress\\\/va\\\/retroprogramacion\\\/#primaryimage\",\"url\":\"https:\\\/\\\/garciag.webs.upv.es\\\/wordpress\\\/wp-content\\\/uploads\\\/2018\\\/04\\\/mesvideojuego-300x207.jpg\",\"contentUrl\":\"https:\\\/\\\/garciag.webs.upv.es\\\/wordpress\\\/wp-content\\\/uploads\\\/2018\\\/04\\\/mesvideojuego-300x207.jpg\"},{\"@type\":\"BreadcrumbList\",\"@id\":\"https:\\\/\\\/garciag.webs.upv.es\\\/wordpress\\\/va\\\/retroprogramacion\\\/#breadcrumb\",\"itemListElement\":[{\"@type\":\"ListItem\",\"position\":1,\"name\":\"P\u00e1gina de inicio\",\"item\":\"https:\\\/\\\/garciag.webs.upv.es\\\/wordpress\\\/\"},{\"@type\":\"ListItem\",\"position\":2,\"name\":\"RetroProgramaci\u00f3n\"}]},{\"@type\":\"WebSite\",\"@id\":\"https:\\\/\\\/garciag.webs.upv.es\\\/wordpress\\\/va\\\/#website\",\"url\":\"https:\\\/\\\/garciag.webs.upv.es\\\/wordpress\\\/va\\\/\",\"name\":\"[:es]Web Personal[:en]Personal Web[:ca]web personal[:]\",\"description\":\"[:es]Web Personal[:en]Just another WordPress site[:ca]Just another WordPress site[:]\",\"potentialAction\":[{\"@type\":\"SearchAction\",\"target\":{\"@type\":\"EntryPoint\",\"urlTemplate\":\"https:\\\/\\\/garciag.webs.upv.es\\\/wordpress\\\/va\\\/?s={search_term_string}\"},\"query-input\":{\"@type\":\"PropertyValueSpecification\",\"valueRequired\":true,\"valueName\":\"search_term_string\"}}],\"inLanguage\":\"va\"}]}<\/script>\n<!-- \/ Yoast SEO plugin. -->","yoast_head_json":{"title":"RetroProgramaci\u00f3n","description":"\u00bfAlguna vez has querido conocer c\u00f3mo se programaba en un ordenador de los 80? \u00a1\u00c9sta es tu oportunidad! El Museo de Inform\u00e1tica y ACM UPV Chapter te invitan a asistir a una jornada en la que podr\u00e1s aprender a programar con un AMSTRAD completamente operativo y conocer todas sus curiosidades. \u00bfAlguna vez has o\u00eddo hablar&hellip;","robots":{"index":"index","follow":"follow","max-snippet":"max-snippet:-1","max-image-preview":"max-image-preview:large","max-video-preview":"max-video-preview:-1"},"canonical":"\u00bfAlguna vez has querido conocer c\u00f3mo se programaba en un ordenador de los 80? \u00a1\u00c9sta es tu oportunidad! El Museo de Inform\u00e1tica y ACM UPV Chapter te invitan a asistir a una jornada en la que podr\u00e1s aprender a programar con un AMSTRAD completamente operativo y conocer todas sus curiosidades. \u00bfAlguna vez has o\u00eddo hablar&hellip;","og_locale":"en_US","og_type":"article","og_title":"RetroProgramaci\u00f3n","og_description":"\u00bfAlguna vez has querido conocer c\u00f3mo se programaba en un ordenador de los 80? \u00a1\u00c9sta es tu oportunidad! El Museo de Inform\u00e1tica y ACM UPV Chapter te invitan a asistir a una jornada en la que podr\u00e1s aprender a programar con un AMSTRAD completamente operativo y conocer todas sus curiosidades. \u00bfAlguna vez has o\u00eddo hablar&hellip;","og_url":"https:\/\/garciag.webs.upv.es\/wordpress\/va\/retroprogramacion\/","og_site_name":"[:es]Web Personal[:en]Personal Web[:ca]web personal[:]","article_modified_time":"2025-02-27T15:00:27+00:00","twitter_card":"summary_large_image","twitter_misc":{"Est. reading time":"4 minutes"},"schema":{"@context":"https:\/\/schema.org","@graph":[{"@type":"WebPage","@id":"https:\/\/garciag.webs.upv.es\/wordpress\/va\/retroprogramacion\/","url":"https:\/\/garciag.webs.upv.es\/wordpress\/va\/retroprogramacion\/","name":"RetroProgramaci\u00f3n - [:es]Web Personal[:en]Personal Web[:ca]web personal[:]","isPartOf":{"@id":"https:\/\/garciag.webs.upv.es\/wordpress\/#website"},"primaryImageOfPage":{"@id":"https:\/\/garciag.webs.upv.es\/wordpress\/va\/retroprogramacion\/#primaryimage"},"image":{"@id":"https:\/\/garciag.webs.upv.es\/wordpress\/va\/retroprogramacion\/#primaryimage"},"thumbnailUrl":"https:\/\/garciag.webs.upv.es\/wordpress\/wp-content\/uploads\/2018\/04\/mesvideojuego-300x207.jpg","datePublished":"2018-04-12T11:57:07+00:00","dateModified":"2025-02-27T15:00:27+00:00","breadcrumb":{"@id":"https:\/\/garciag.webs.upv.es\/wordpress\/va\/retroprogramacion\/#breadcrumb"},"inLanguage":"va","potentialAction":[{"@type":"ReadAction","target":["https:\/\/garciag.webs.upv.es\/wordpress\/va\/retroprogramacion\/"]}]},{"@type":"ImageObject","inLanguage":"va","@id":"https:\/\/garciag.webs.upv.es\/wordpress\/va\/retroprogramacion\/#primaryimage","url":"https:\/\/garciag.webs.upv.es\/wordpress\/wp-content\/uploads\/2018\/04\/mesvideojuego-300x207.jpg","contentUrl":"https:\/\/garciag.webs.upv.es\/wordpress\/wp-content\/uploads\/2018\/04\/mesvideojuego-300x207.jpg"},{"@type":"BreadcrumbList","@id":"https:\/\/garciag.webs.upv.es\/wordpress\/va\/retroprogramacion\/#breadcrumb","itemListElement":[{"@type":"ListItem","position":1,"name":"P\u00e1gina de inicio","item":"https:\/\/garciag.webs.upv.es\/wordpress\/"},{"@type":"ListItem","position":2,"name":"RetroProgramaci\u00f3n"}]},{"@type":"WebSite","@id":"https:\/\/garciag.webs.upv.es\/wordpress\/va\/#website","url":"https:\/\/garciag.webs.upv.es\/wordpress\/va\/","name":"[:es]Web Personal[:en]Personal Web[:ca]web personal[:]","description":"[:es]Web Personal[:en]Just another WordPress site[:ca]Just another WordPress site[:]","potentialAction":[{"@type":"SearchAction","target":{"@type":"EntryPoint","urlTemplate":"https:\/\/garciag.webs.upv.es\/wordpress\/va\/?s={search_term_string}"},"query-input":{"@type":"PropertyValueSpecification","valueRequired":true,"valueName":"search_term_string"}}],"inLanguage":"va"}]}},"_links":{"self":[{"href":"https:\/\/garciag.webs.upv.es\/wordpress\/va\/wp-json\/wp\/v2\/pages\/16","targetHints":{"allow":["GET"]}}],"collection":[{"href":"https:\/\/garciag.webs.upv.es\/wordpress\/va\/wp-json\/wp\/v2\/pages"}],"about":[{"href":"https:\/\/garciag.webs.upv.es\/wordpress\/va\/wp-json\/wp\/v2\/types\/page"}],"author":[{"embeddable":true,"href":"https:\/\/garciag.webs.upv.es\/wordpress\/va\/wp-json\/wp\/v2\/users\/1"}],"replies":[{"embeddable":true,"href":"https:\/\/garciag.webs.upv.es\/wordpress\/va\/wp-json\/wp\/v2\/comments?post=16"}],"version-history":[{"count":3,"href":"https:\/\/garciag.webs.upv.es\/wordpress\/va\/wp-json\/wp\/v2\/pages\/16\/revisions"}],"predecessor-version":[{"id":8299,"href":"https:\/\/garciag.webs.upv.es\/wordpress\/va\/wp-json\/wp\/v2\/pages\/16\/revisions\/8299"}],"wp:attachment":[{"href":"https:\/\/garciag.webs.upv.es\/wordpress\/va\/wp-json\/wp\/v2\/media?parent=16"}],"curies":[{"name":"wp","href":"https:\/\/api.w.org\/{rel}","templated":true}]}}