{"id":8102,"date":"2019-01-17T17:15:24","date_gmt":"2019-01-17T17:15:24","guid":{"rendered":"http:\/\/museo.inf.upv.es\/?page_id=7480"},"modified":"2025-02-27T15:00:27","modified_gmt":"2025-02-27T15:00:27","slug":"un-cafe-en-el-museo","status":"publish","type":"page","link":"https:\/\/garciag.webs.upv.es\/wordpress\/va\/un-cafe-en-el-museo\/","title":{"rendered":"UN CAF\u00c9 EN EL MUSEO"},"content":{"rendered":"<p>El Museu d&#8217;Inform\u00e0tica de la Escola T\u00e9cnica Superior d&#8217;Enginyeria Inform\u00e0tica pone en marcha una exposici\u00f3n fotogr\u00e1fica permanente realizada por \u00c1lvaro Dom\u00e8nech que muestra desde un punto art\u00edstico diferentes piezas de la colecci\u00f3n del museo. La exposici\u00f3n se encuentra en el rinc\u00f3n de caf\u00e9 de la primera planta del edificio 1G. Consulta la exposici\u00f3n aqu\u00ed.<\/p>\n<p><!--more--><\/p>\n","protected":false},"excerpt":{"rendered":"<p>El Museu d&#8217;Inform\u00e0tica de la Escola T\u00e9cnica Superior d&#8217;Enginyeria Inform\u00e0tica pone en marcha una exposici\u00f3n fotogr\u00e1fica permanente realizada por \u00c1lvaro Dom\u00e8nech que muestra desde un punto art\u00edstico diferentes piezas de la colecci\u00f3n del museo. La exposici\u00f3n se encuentra en el rinc\u00f3n de caf\u00e9 de la primera planta del edificio 1G. Consulta la exposici\u00f3n aqu\u00ed.<\/p>\n","protected":false},"author":1,"featured_media":0,"parent":0,"menu_order":0,"comment_status":"closed","ping_status":"closed","template":"","meta":{"footnotes":""},"class_list":["post-8102","page","type-page","status-publish","hentry","post"],"yoast_head":"<!-- This site is optimized with the Yoast SEO plugin v27.3 - https:\/\/yoast.com\/product\/yoast-seo-wordpress\/ -->\n<title>UN CAF\u00c9 EN EL MUSEO<\/title>\n<meta name=\"description\" content=\"El Museu d&#039;Inform\u00e0tica de la Escola T\u00e9cnica Superior d&#039;Enginyeria Inform\u00e0tica pone en marcha una exposici\u00f3n fotogr\u00e1fica permanente realizada por \u00c1lvaro Dom\u00e8nech que muestra desde un punto art\u00edstico diferentes piezas de la colecci\u00f3n del museo. La exposici\u00f3n se encuentra en el rinc\u00f3n de caf\u00e9 de la primera planta del edificio 1G. Consulta la exposici\u00f3n aqu\u00ed. [gallery&hellip;\" \/>\n<meta name=\"robots\" content=\"index, follow, max-snippet:-1, max-image-preview:large, max-video-preview:-1\" \/>\n<link rel=\"canonical\" href=\"http:\/\/El%20Museu%20d'Inform\u00e0tica%20de%20la%20Escola%20T\u00e9cnica%20Superior%20d'Enginyeria%20Inform\u00e0tica%20pone%20en%20marcha%20una%20exposici\u00f3n%20fotogr\u00e1fica%20permanente%20realizada%20por%20\u00c1lvaro%20Dom\u00e8nech%20que%20muestra%20desde%20un%20punto%20art\u00edstico%20diferentes%20piezas%20de%20la%20colecci\u00f3n%20del%20museo.%20La%20exposici\u00f3n%20se%20encuentra%20en%20el%20rinc\u00f3n%20de%20caf\u00e9%20de%20la%20primera%20planta%20del%20edificio%201G.%20Consulta%20la%20exposici\u00f3n%20aqu\u00ed.%20[gallery&hellip;\" \/>\n<meta property=\"og:locale\" content=\"en_US\" \/>\n<meta property=\"og:type\" content=\"article\" \/>\n<meta property=\"og:title\" content=\"UN CAF\u00c9 EN EL MUSEO\" \/>\n<meta property=\"og:description\" content=\"El Museu d&#039;Inform\u00e0tica de la Escola T\u00e9cnica Superior d&#039;Enginyeria Inform\u00e0tica pone en marcha una exposici\u00f3n fotogr\u00e1fica permanente realizada por \u00c1lvaro Dom\u00e8nech que muestra desde un punto art\u00edstico diferentes piezas de la colecci\u00f3n del museo. La exposici\u00f3n se encuentra en el rinc\u00f3n de caf\u00e9 de la primera planta del edificio 1G. Consulta la exposici\u00f3n aqu\u00ed. [gallery&hellip;\" \/>\n<meta property=\"og:url\" content=\"https:\/\/garciag.webs.upv.es\/wordpress\/va\/un-cafe-en-el-museo\/\" \/>\n<meta property=\"og:site_name\" content=\"[:es]Web Personal[:en]Personal Web[:ca]web personal[:]\" \/>\n<meta property=\"article:modified_time\" content=\"2025-02-27T15:00:27+00:00\" \/>\n<meta name=\"twitter:card\" content=\"summary_large_image\" \/>\n<script type=\"application\/ld+json\" class=\"yoast-schema-graph\">{\"@context\":\"https:\\\/\\\/schema.org\",\"@graph\":[{\"@type\":\"WebPage\",\"@id\":\"https:\\\/\\\/garciag.webs.upv.es\\\/wordpress\\\/va\\\/un-cafe-en-el-museo\\\/\",\"url\":\"https:\\\/\\\/garciag.webs.upv.es\\\/wordpress\\\/va\\\/un-cafe-en-el-museo\\\/\",\"name\":\"UN CAF\u00c9 EN EL MUSEO - [:es]Web Personal[:en]Personal Web[:ca]web personal[:]\",\"isPartOf\":{\"@id\":\"https:\\\/\\\/garciag.webs.upv.es\\\/wordpress\\\/#website\"},\"datePublished\":\"2019-01-17T17:15:24+00:00\",\"dateModified\":\"2025-02-27T15:00:27+00:00\",\"breadcrumb\":{\"@id\":\"https:\\\/\\\/garciag.webs.upv.es\\\/wordpress\\\/va\\\/un-cafe-en-el-museo\\\/#breadcrumb\"},\"inLanguage\":\"va\",\"potentialAction\":[{\"@type\":\"ReadAction\",\"target\":[\"https:\\\/\\\/garciag.webs.upv.es\\\/wordpress\\\/va\\\/un-cafe-en-el-museo\\\/\"]}]},{\"@type\":\"BreadcrumbList\",\"@id\":\"https:\\\/\\\/garciag.webs.upv.es\\\/wordpress\\\/va\\\/un-cafe-en-el-museo\\\/#breadcrumb\",\"itemListElement\":[{\"@type\":\"ListItem\",\"position\":1,\"name\":\"P\u00e1gina de inicio\",\"item\":\"https:\\\/\\\/garciag.webs.upv.es\\\/wordpress\\\/\"},{\"@type\":\"ListItem\",\"position\":2,\"name\":\"UN CAF\u00c9 EN EL MUSEO\"}]},{\"@type\":\"WebSite\",\"@id\":\"https:\\\/\\\/garciag.webs.upv.es\\\/wordpress\\\/va\\\/#website\",\"url\":\"https:\\\/\\\/garciag.webs.upv.es\\\/wordpress\\\/va\\\/\",\"name\":\"[:es]Web Personal[:en]Personal Web[:ca]web personal[:]\",\"description\":\"[:es]Web Personal[:en]Just another WordPress site[:ca]Just another WordPress site[:]\",\"potentialAction\":[{\"@type\":\"SearchAction\",\"target\":{\"@type\":\"EntryPoint\",\"urlTemplate\":\"https:\\\/\\\/garciag.webs.upv.es\\\/wordpress\\\/va\\\/?s={search_term_string}\"},\"query-input\":{\"@type\":\"PropertyValueSpecification\",\"valueRequired\":true,\"valueName\":\"search_term_string\"}}],\"inLanguage\":\"va\"}]}<\/script>\n<!-- \/ Yoast SEO plugin. -->","yoast_head_json":{"title":"UN CAF\u00c9 EN EL MUSEO","description":"El Museu d'Inform\u00e0tica de la Escola T\u00e9cnica Superior d'Enginyeria Inform\u00e0tica pone en marcha una exposici\u00f3n fotogr\u00e1fica permanente realizada por \u00c1lvaro Dom\u00e8nech que muestra desde un punto art\u00edstico diferentes piezas de la colecci\u00f3n del museo. La exposici\u00f3n se encuentra en el rinc\u00f3n de caf\u00e9 de la primera planta del edificio 1G. Consulta la exposici\u00f3n aqu\u00ed. [gallery&hellip;","robots":{"index":"index","follow":"follow","max-snippet":"max-snippet:-1","max-image-preview":"max-image-preview:large","max-video-preview":"max-video-preview:-1"},"canonical":"El Museu d'Inform\u00e0tica de la Escola T\u00e9cnica Superior d'Enginyeria Inform\u00e0tica pone en marcha una exposici\u00f3n fotogr\u00e1fica permanente realizada por \u00c1lvaro Dom\u00e8nech que muestra desde un punto art\u00edstico diferentes piezas de la colecci\u00f3n del museo. La exposici\u00f3n se encuentra en el rinc\u00f3n de caf\u00e9 de la primera planta del edificio 1G. Consulta la exposici\u00f3n aqu\u00ed. [gallery&hellip;","og_locale":"en_US","og_type":"article","og_title":"UN CAF\u00c9 EN EL MUSEO","og_description":"El Museu d'Inform\u00e0tica de la Escola T\u00e9cnica Superior d'Enginyeria Inform\u00e0tica pone en marcha una exposici\u00f3n fotogr\u00e1fica permanente realizada por \u00c1lvaro Dom\u00e8nech que muestra desde un punto art\u00edstico diferentes piezas de la colecci\u00f3n del museo. La exposici\u00f3n se encuentra en el rinc\u00f3n de caf\u00e9 de la primera planta del edificio 1G. Consulta la exposici\u00f3n aqu\u00ed. [gallery&hellip;","og_url":"https:\/\/garciag.webs.upv.es\/wordpress\/va\/un-cafe-en-el-museo\/","og_site_name":"[:es]Web Personal[:en]Personal Web[:ca]web personal[:]","article_modified_time":"2025-02-27T15:00:27+00:00","twitter_card":"summary_large_image","schema":{"@context":"https:\/\/schema.org","@graph":[{"@type":"WebPage","@id":"https:\/\/garciag.webs.upv.es\/wordpress\/va\/un-cafe-en-el-museo\/","url":"https:\/\/garciag.webs.upv.es\/wordpress\/va\/un-cafe-en-el-museo\/","name":"UN CAF\u00c9 EN EL MUSEO - [:es]Web Personal[:en]Personal Web[:ca]web personal[:]","isPartOf":{"@id":"https:\/\/garciag.webs.upv.es\/wordpress\/#website"},"datePublished":"2019-01-17T17:15:24+00:00","dateModified":"2025-02-27T15:00:27+00:00","breadcrumb":{"@id":"https:\/\/garciag.webs.upv.es\/wordpress\/va\/un-cafe-en-el-museo\/#breadcrumb"},"inLanguage":"va","potentialAction":[{"@type":"ReadAction","target":["https:\/\/garciag.webs.upv.es\/wordpress\/va\/un-cafe-en-el-museo\/"]}]},{"@type":"BreadcrumbList","@id":"https:\/\/garciag.webs.upv.es\/wordpress\/va\/un-cafe-en-el-museo\/#breadcrumb","itemListElement":[{"@type":"ListItem","position":1,"name":"P\u00e1gina de inicio","item":"https:\/\/garciag.webs.upv.es\/wordpress\/"},{"@type":"ListItem","position":2,"name":"UN CAF\u00c9 EN EL MUSEO"}]},{"@type":"WebSite","@id":"https:\/\/garciag.webs.upv.es\/wordpress\/va\/#website","url":"https:\/\/garciag.webs.upv.es\/wordpress\/va\/","name":"[:es]Web Personal[:en]Personal Web[:ca]web personal[:]","description":"[:es]Web Personal[:en]Just another WordPress site[:ca]Just another WordPress site[:]","potentialAction":[{"@type":"SearchAction","target":{"@type":"EntryPoint","urlTemplate":"https:\/\/garciag.webs.upv.es\/wordpress\/va\/?s={search_term_string}"},"query-input":{"@type":"PropertyValueSpecification","valueRequired":true,"valueName":"search_term_string"}}],"inLanguage":"va"}]}},"_links":{"self":[{"href":"https:\/\/garciag.webs.upv.es\/wordpress\/va\/wp-json\/wp\/v2\/pages\/8102","targetHints":{"allow":["GET"]}}],"collection":[{"href":"https:\/\/garciag.webs.upv.es\/wordpress\/va\/wp-json\/wp\/v2\/pages"}],"about":[{"href":"https:\/\/garciag.webs.upv.es\/wordpress\/va\/wp-json\/wp\/v2\/types\/page"}],"author":[{"embeddable":true,"href":"https:\/\/garciag.webs.upv.es\/wordpress\/va\/wp-json\/wp\/v2\/users\/1"}],"replies":[{"embeddable":true,"href":"https:\/\/garciag.webs.upv.es\/wordpress\/va\/wp-json\/wp\/v2\/comments?post=8102"}],"version-history":[{"count":3,"href":"https:\/\/garciag.webs.upv.es\/wordpress\/va\/wp-json\/wp\/v2\/pages\/8102\/revisions"}],"predecessor-version":[{"id":8295,"href":"https:\/\/garciag.webs.upv.es\/wordpress\/va\/wp-json\/wp\/v2\/pages\/8102\/revisions\/8295"}],"wp:attachment":[{"href":"https:\/\/garciag.webs.upv.es\/wordpress\/va\/wp-json\/wp\/v2\/media?parent=8102"}],"curies":[{"name":"wp","href":"https:\/\/api.w.org\/{rel}","templated":true}]}}