{"id":7450,"date":"2019-01-17T16:52:11","date_gmt":"2019-01-17T15:52:11","guid":{"rendered":"http:\/\/museo.inf.upv.es\/?page_id=7450"},"modified":"2025-02-27T15:00:27","modified_gmt":"2025-02-27T15:00:27","slug":"la-informatica-tiene-su-historia","status":"publish","type":"page","link":"https:\/\/garciag.webs.upv.es\/wordpress\/la-informatica-tiene-su-historia\/","title":{"rendered":"LA INFORM\u00c1TICA TIENE SU HISTORIA"},"content":{"rendered":"<p>El Museu d&#8217;Inform\u00e0tica de la Escola T\u00e9cnica Superior d&#8217;Enginyeria Inform\u00e0tica en colaboraci\u00f3n con el Departamento de Sistemas Inform\u00e1ticos y Computaci\u00f3n han plasmado los hitos m\u00e1s importantes de la historia de la inform\u00e1tica en una infograf\u00eda que se encuentra expuesta de manera permanente en el pasillo de los laboratorios docentes del DSIC en el edificio 1B. Como siempre, puedes consultar la exposici\u00f3n online aqu\u00ed.<\/p>\n<p><br \/>\n<!--more--><\/p>\n","protected":false},"excerpt":{"rendered":"<p>El Museu d&#8217;Inform\u00e0tica de la Escola T\u00e9cnica Superior d&#8217;Enginyeria Inform\u00e0tica en colaboraci\u00f3n con el Departamento de Sistemas Inform\u00e1ticos y Computaci\u00f3n han plasmado los hitos m\u00e1s importantes de la historia de la inform\u00e1tica en una infograf\u00eda que se encuentra expuesta de manera permanente en el pasillo de los laboratorios docentes del DSIC en el edificio 1B. [&hellip;]<\/p>\n","protected":false},"author":2,"featured_media":0,"parent":0,"menu_order":0,"comment_status":"closed","ping_status":"closed","template":"","meta":{"footnotes":""},"class_list":["post-7450","page","type-page","status-publish","hentry","post"],"yoast_head":"<!-- This site is optimized with the Yoast SEO plugin v27.3 - https:\/\/yoast.com\/product\/yoast-seo-wordpress\/ -->\n<title>LA INFORM\u00c1TICA TIENE SU HISTORIA - [:es]Web Personal[:en]Personal Web[:ca]web personal[:]<\/title>\n<meta name=\"robots\" content=\"index, follow, max-snippet:-1, max-image-preview:large, max-video-preview:-1\" \/>\n<link rel=\"canonical\" href=\"https:\/\/garciag.webs.upv.es\/wordpress\/la-informatica-tiene-su-historia\/\" \/>\n<meta property=\"og:locale\" content=\"es_ES\" \/>\n<meta property=\"og:type\" content=\"article\" \/>\n<meta property=\"og:title\" content=\"LA INFORM\u00c1TICA TIENE SU HISTORIA - [:es]Web Personal[:en]Personal Web[:ca]web personal[:]\" \/>\n<meta property=\"og:description\" content=\"El Museu d&#8217;Inform\u00e0tica de la Escola T\u00e9cnica Superior d&#8217;Enginyeria Inform\u00e0tica en colaboraci\u00f3n con el Departamento de Sistemas Inform\u00e1ticos y Computaci\u00f3n han plasmado los hitos m\u00e1s importantes de la historia de la inform\u00e1tica en una infograf\u00eda que se encuentra expuesta de manera permanente en el pasillo de los laboratorios docentes del DSIC en el edificio 1B. [&hellip;]\" \/>\n<meta property=\"og:url\" content=\"https:\/\/garciag.webs.upv.es\/wordpress\/la-informatica-tiene-su-historia\/\" \/>\n<meta property=\"og:site_name\" content=\"[:es]Web Personal[:en]Personal Web[:ca]web personal[:]\" \/>\n<meta property=\"article:modified_time\" content=\"2025-02-27T15:00:27+00:00\" \/>\n<meta name=\"twitter:card\" content=\"summary_large_image\" \/>\n<script type=\"application\/ld+json\" class=\"yoast-schema-graph\">{\"@context\":\"https:\\\/\\\/schema.org\",\"@graph\":[{\"@type\":\"WebPage\",\"@id\":\"https:\\\/\\\/garciag.webs.upv.es\\\/wordpress\\\/la-informatica-tiene-su-historia\\\/\",\"url\":\"https:\\\/\\\/garciag.webs.upv.es\\\/wordpress\\\/la-informatica-tiene-su-historia\\\/\",\"name\":\"LA INFORM\u00c1TICA TIENE SU HISTORIA - [:es]Web Personal[:en]Personal Web[:ca]web personal[:]\",\"isPartOf\":{\"@id\":\"https:\\\/\\\/garciag.webs.upv.es\\\/wordpress\\\/#website\"},\"datePublished\":\"2019-01-17T15:52:11+00:00\",\"dateModified\":\"2025-02-27T15:00:27+00:00\",\"breadcrumb\":{\"@id\":\"https:\\\/\\\/garciag.webs.upv.es\\\/wordpress\\\/la-informatica-tiene-su-historia\\\/#breadcrumb\"},\"inLanguage\":\"es\",\"potentialAction\":[{\"@type\":\"ReadAction\",\"target\":[\"https:\\\/\\\/garciag.webs.upv.es\\\/wordpress\\\/la-informatica-tiene-su-historia\\\/\"]}]},{\"@type\":\"BreadcrumbList\",\"@id\":\"https:\\\/\\\/garciag.webs.upv.es\\\/wordpress\\\/la-informatica-tiene-su-historia\\\/#breadcrumb\",\"itemListElement\":[{\"@type\":\"ListItem\",\"position\":1,\"name\":\"Portada\",\"item\":\"https:\\\/\\\/garciag.webs.upv.es\\\/wordpress\\\/\"},{\"@type\":\"ListItem\",\"position\":2,\"name\":\"LA INFORM\u00c1TICA TIENE SU HISTORIA\"}]},{\"@type\":\"WebSite\",\"@id\":\"https:\\\/\\\/garciag.webs.upv.es\\\/wordpress\\\/#website\",\"url\":\"https:\\\/\\\/garciag.webs.upv.es\\\/wordpress\\\/\",\"name\":\"[:es]Web Personal[:en]Personal Web[:ca]web personal[:]\",\"description\":\"[:es]Web Personal[:en]Just another WordPress site[:ca]Just another WordPress site[:]\",\"potentialAction\":[{\"@type\":\"SearchAction\",\"target\":{\"@type\":\"EntryPoint\",\"urlTemplate\":\"https:\\\/\\\/garciag.webs.upv.es\\\/wordpress\\\/?s={search_term_string}\"},\"query-input\":{\"@type\":\"PropertyValueSpecification\",\"valueRequired\":true,\"valueName\":\"search_term_string\"}}],\"inLanguage\":\"es\"}]}<\/script>\n<!-- \/ Yoast SEO plugin. -->","yoast_head_json":{"title":"LA INFORM\u00c1TICA TIENE SU HISTORIA - [:es]Web Personal[:en]Personal Web[:ca]web personal[:]","robots":{"index":"index","follow":"follow","max-snippet":"max-snippet:-1","max-image-preview":"max-image-preview:large","max-video-preview":"max-video-preview:-1"},"canonical":"https:\/\/garciag.webs.upv.es\/wordpress\/la-informatica-tiene-su-historia\/","og_locale":"es_ES","og_type":"article","og_title":"LA INFORM\u00c1TICA TIENE SU HISTORIA - [:es]Web Personal[:en]Personal Web[:ca]web personal[:]","og_description":"El Museu d&#8217;Inform\u00e0tica de la Escola T\u00e9cnica Superior d&#8217;Enginyeria Inform\u00e0tica en colaboraci\u00f3n con el Departamento de Sistemas Inform\u00e1ticos y Computaci\u00f3n han plasmado los hitos m\u00e1s importantes de la historia de la inform\u00e1tica en una infograf\u00eda que se encuentra expuesta de manera permanente en el pasillo de los laboratorios docentes del DSIC en el edificio 1B. [&hellip;]","og_url":"https:\/\/garciag.webs.upv.es\/wordpress\/la-informatica-tiene-su-historia\/","og_site_name":"[:es]Web Personal[:en]Personal Web[:ca]web personal[:]","article_modified_time":"2025-02-27T15:00:27+00:00","twitter_card":"summary_large_image","schema":{"@context":"https:\/\/schema.org","@graph":[{"@type":"WebPage","@id":"https:\/\/garciag.webs.upv.es\/wordpress\/la-informatica-tiene-su-historia\/","url":"https:\/\/garciag.webs.upv.es\/wordpress\/la-informatica-tiene-su-historia\/","name":"LA INFORM\u00c1TICA TIENE SU HISTORIA - [:es]Web Personal[:en]Personal Web[:ca]web personal[:]","isPartOf":{"@id":"https:\/\/garciag.webs.upv.es\/wordpress\/#website"},"datePublished":"2019-01-17T15:52:11+00:00","dateModified":"2025-02-27T15:00:27+00:00","breadcrumb":{"@id":"https:\/\/garciag.webs.upv.es\/wordpress\/la-informatica-tiene-su-historia\/#breadcrumb"},"inLanguage":"es","potentialAction":[{"@type":"ReadAction","target":["https:\/\/garciag.webs.upv.es\/wordpress\/la-informatica-tiene-su-historia\/"]}]},{"@type":"BreadcrumbList","@id":"https:\/\/garciag.webs.upv.es\/wordpress\/la-informatica-tiene-su-historia\/#breadcrumb","itemListElement":[{"@type":"ListItem","position":1,"name":"Portada","item":"https:\/\/garciag.webs.upv.es\/wordpress\/"},{"@type":"ListItem","position":2,"name":"LA INFORM\u00c1TICA TIENE SU HISTORIA"}]},{"@type":"WebSite","@id":"https:\/\/garciag.webs.upv.es\/wordpress\/#website","url":"https:\/\/garciag.webs.upv.es\/wordpress\/","name":"[:es]Web Personal[:en]Personal Web[:ca]web personal[:]","description":"[:es]Web Personal[:en]Just another WordPress site[:ca]Just another WordPress site[:]","potentialAction":[{"@type":"SearchAction","target":{"@type":"EntryPoint","urlTemplate":"https:\/\/garciag.webs.upv.es\/wordpress\/?s={search_term_string}"},"query-input":{"@type":"PropertyValueSpecification","valueRequired":true,"valueName":"search_term_string"}}],"inLanguage":"es"}]}},"_links":{"self":[{"href":"https:\/\/garciag.webs.upv.es\/wordpress\/wp-json\/wp\/v2\/pages\/7450","targetHints":{"allow":["GET"]}}],"collection":[{"href":"https:\/\/garciag.webs.upv.es\/wordpress\/wp-json\/wp\/v2\/pages"}],"about":[{"href":"https:\/\/garciag.webs.upv.es\/wordpress\/wp-json\/wp\/v2\/types\/page"}],"author":[{"embeddable":true,"href":"https:\/\/garciag.webs.upv.es\/wordpress\/wp-json\/wp\/v2\/users\/2"}],"replies":[{"embeddable":true,"href":"https:\/\/garciag.webs.upv.es\/wordpress\/wp-json\/wp\/v2\/comments?post=7450"}],"version-history":[{"count":4,"href":"https:\/\/garciag.webs.upv.es\/wordpress\/wp-json\/wp\/v2\/pages\/7450\/revisions"}],"predecessor-version":[{"id":8296,"href":"https:\/\/garciag.webs.upv.es\/wordpress\/wp-json\/wp\/v2\/pages\/7450\/revisions\/8296"}],"wp:attachment":[{"href":"https:\/\/garciag.webs.upv.es\/wordpress\/wp-json\/wp\/v2\/media?parent=7450"}],"curies":[{"name":"wp","href":"https:\/\/api.w.org\/{rel}","templated":true}]}}